{"id":152,"date":"2020-12-01T14:05:46","date_gmt":"2020-12-01T14:05:46","guid":{"rendered":"https:\/\/chronoloom.com\/?page_id=152"},"modified":"2021-01-05T10:17:11","modified_gmt":"2021-01-05T10:17:11","slug":"impressum-imprint","status":"publish","type":"page","link":"https:\/\/chronoloom.com\/?page_id=152","title":{"rendered":"Impressum\/Imprint"},"content":{"rendered":"\n<p class=\"has-medium-font-size\"><strong>Impressum\/Anbieterkennzeichnung<\/strong> <br>(please scroll down for English version)<\/p>\n\n\n\n<h1>Impressum<\/h1>\n\n\n\n<p>Angaben gem\u00e4\u00df \u00a7 5 TMG<\/p>\n\n\n\n<p>Dr. Lucas Wetzel<br>c\/o Max Planck Institut f\u00fcr Physik komplexer Systeme<br>N\u00f6thnitzer Str. 38<br>01187 Dresden<br>Germany<br><\/p>\n\n\n\n<p><strong>Vertreten durch:<\/strong><br>Lucas Wetzel<br><\/p>\n\n\n\n<p><strong>Kontakt:<\/strong><br>Telefon: +49 (0)351 8711212<br>Fax: +49 (0)351 8711999<br>E-Mail: <a href=\"mailto:lwetzel@pks.mpg.de\">lwetzel[at]pks.mpg.de<\/a><\/p>\n\n\n\n<p><strong>Verantwortlich f\u00fcr den Inhalt nach \u00a7 55 Abs. 2 RStV:<\/strong><br><\/p>\n\n\n\n<p>Dr. Lucas Wetzel<br>c\/o Max Planck Institut f\u00fcr Physik komplexer Systeme<br>01187 Dresden<br>Germany<\/p>\n\n\n\n<p><strong>Haftungsausschluss:<\/strong><br><br><strong>Haftung f\u00fcr Inhalte<\/strong><br><br>Die Inhalte unserer Seiten wurden mit gr\u00f6\u00dfter Sorgfalt erstellt. F\u00fcr die Richtigkeit, Vollst\u00e4ndigkeit und Aktualit\u00e4t der Inhalte k\u00f6nnen wir jedoch keine Gew\u00e4hr \u00fcbernehmen. Als Diensteanbieter sind wir gem\u00e4\u00df \u00a7 7 Abs.1 TMG f\u00fcr eigene Inhalte auf diesen Seiten nach den allgemeinen Gesetzen verantwortlich. Nach \u00a7\u00a7 8 bis 10 TMG sind wir als Diensteanbieter jedoch nicht verpflichtet, \u00fcbermittelte oder gespeicherte fremde Informationen zu \u00fcberwachen oder nach Umst\u00e4nden zu forschen, die auf eine rechtswidrige T\u00e4tigkeit hinweisen. Verpflichtungen zur Entfernung oder Sperrung der Nutzung von Informationen nach den allgemeinen Gesetzen bleiben hiervon unber\u00fchrt. Eine diesbez\u00fcgliche Haftung ist jedoch erst ab dem Zeitpunkt der Kenntnis einer konkreten Rechtsverletzung m\u00f6glich. Bei Bekanntwerden von entsprechenden Rechtsverletzungen werden wir diese Inhalte umgehend entfernen.<br><br><strong>Haftung f\u00fcr Links<\/strong><br><br>Unser Angebot enth\u00e4lt Links zu externen Webseiten Dritter, auf deren Inhalte wir keinen Einfluss haben. Deshalb k\u00f6nnen wir f\u00fcr diese fremden Inhalte auch keine Gew\u00e4hr \u00fcbernehmen. F\u00fcr die Inhalte der verlinkten Seiten ist stets der jeweilige Anbieter oder Betreiber der Seiten verantwortlich. Die verlinkten Seiten wurden zum Zeitpunkt der Verlinkung auf m\u00f6gliche Rechtsverst\u00f6\u00dfe \u00fcberpr\u00fcft. Rechtswidrige Inhalte waren zum Zeitpunkt der Verlinkung nicht erkennbar. Eine permanente inhaltliche Kontrolle der verlinkten Seiten ist jedoch ohne konkrete Anhaltspunkte einer Rechtsverletzung nicht zumutbar. Bei Bekanntwerden von Rechtsverletzungen werden wir derartige Links umgehend entfernen.<br><br><strong>Urheberrecht<\/strong><br><br>Die durch die Seitenbetreiber erstellten Inhalte und Werke auf diesen Seiten unterliegen dem deutschen Urheberrecht. Die Vervielf\u00e4ltigung, Bearbeitung, Verbreitung und jede Art der Verwertung au\u00dferhalb der Grenzen des Urheberrechtes bed\u00fcrfen der schriftlichen Zustimmung des jeweiligen Autors bzw. Erstellers. Downloads und Kopien dieser Seite sind nur f\u00fcr den privaten, nicht kommerziellen Gebrauch gestattet. Soweit die Inhalte auf dieser Seite nicht vom Betreiber erstellt wurden, werden die Urheberrechte Dritter beachtet. Insbesondere werden Inhalte Dritter als solche gekennzeichnet. Sollten Sie trotzdem auf eine Urheberrechtsverletzung aufmerksam werden, bitten wir um einen entsprechenden Hinweis. Bei Bekanntwerden von Rechtsverletzungen werden wir derartige Inhalte umgehend entfernen.<br><br><strong>Datenschutz<\/strong><br><br>Die Nutzung unserer Webseite ist in der Regel ohne Angabe personenbezogener Daten m\u00f6glich. Soweit auf unseren Seiten personenbezogene Daten (beispielsweise Name, Anschrift oder eMail-Adressen) erhoben werden, erfolgt dies, soweit m\u00f6glich, stets auf freiwilliger Basis. Diese Daten werden ohne Ihre ausdr\u00fcckliche Zustimmung nicht an Dritte weitergegeben.<br>Wir weisen darauf hin, dass die Daten\u00fcbertragung im Internet (z.B. bei der Kommunikation per E-Mail) Sicherheitsl\u00fccken aufweisen kann. Ein l\u00fcckenloser Schutz der Daten vor dem Zugriff durch Dritte ist nicht m\u00f6glich.<br>Der Nutzung von im Rahmen der Impressumspflicht ver\u00f6ffentlichten Kontaktdaten durch Dritte zur \u00dcbersendung von nicht ausdr\u00fccklich angeforderter Werbung und Informationsmaterialien wird hiermit ausdr\u00fccklich widersprochen. Die Betreiber der Seiten behalten sich ausdr\u00fccklich rechtliche Schritte im Falle der unverlangten Zusendung von Werbeinformationen, etwa durch Spam-Mails, vor.<br><br><br><strong>Google Analytics<\/strong><br><br>Diese Website benutzt Google Analytics, einen Webanalysedienst der Google Inc. (&#8221;Google&#8221;). Google Analytics verwendet sog. &#8221;Cookies&#8221;, Textdateien, die auf Ihrem Computer gespeichert werden und die eine Analyse der Benutzung der Website durch Sie erm\u00f6glicht. Die durch den Cookie erzeugten Informationen \u00fcber Ihre Benutzung dieser Website (einschlie\u00dflich Ihrer IP-Adresse) wird an einen Server von Google in den USA \u00fcbertragen und dort gespeichert. Google wird diese Informationen benutzen, um Ihre Nutzung der Website auszuwerten, um Reports \u00fcber die Websiteaktivit\u00e4ten f\u00fcr die Websitebetreiber zusammenzustellen und um weitere mit der Websitenutzung und der Internetnutzung verbundene Dienstleistungen zu erbringen. Auch wird Google diese Informationen gegebenenfalls an Dritte \u00fcbertragen, sofern dies gesetzlich vorgeschrieben oder soweit Dritte diese Daten im Auftrag von Google verarbeiten. Google wird in keinem Fall Ihre IP-Adresse mit anderen Daten der Google in Verbindung bringen. Sie k\u00f6nnen die Installation der Cookies durch eine entsprechende Einstellung Ihrer Browser Software verhindern; wir weisen Sie jedoch darauf hin, dass Sie in diesem Fall gegebenenfalls nicht s\u00e4mtliche Funktionen dieser Website voll umf\u00e4nglich nutzen k\u00f6nnen. Durch die Nutzung dieser Website erkl\u00e4ren Sie sich mit der Bearbeitung der \u00fcber Sie erhobenen Daten durch Google in der zuvor beschriebenen Art und Weise und zu dem zuvor benannten Zweck einverstanden.<br><br><strong>Google AdSense<\/strong><br><br>Diese Website benutzt Google Adsense, einen Webanzeigendienst der Google Inc., USA (&#8221;Google&#8221;). Google Adsense verwendet sog. &#8221;Cookies&#8221; (Textdateien), die auf Ihrem Computer gespeichert werden und die eine Analyse der Benutzung der Website durch Sie erm\u00f6glicht. Google Adsense verwendet auch sog. &#8221;Web Beacons&#8221; (kleine unsichtbare Grafiken) zur Sammlung von Informationen. Durch die Verwendung des Web Beacons k\u00f6nnen einfache Aktionen wie der Besucherverkehr auf der Webseite aufgezeichnet und gesammelt werden. Die durch den Cookie und\/oder Web Beacon erzeugten Informationen \u00fcber Ihre Benutzung dieser Website (einschlie\u00dflich Ihrer IP-Adresse) werden an einen Server von Google in den USA \u00fcbertragen und dort gespeichert. Google wird diese Informationen benutzen, um Ihre Nutzung der Website im Hinblick auf die Anzeigen auszuwerten, um Reports \u00fcber die Websiteaktivit\u00e4ten und Anzeigen f\u00fcr die Websitebetreiber zusammenzustellen und um weitere mit der Websitenutzung und der Internetnutzung verbundene Dienstleistungen zu erbringen. Auch wird Google diese Informationen gegebenenfalls an Dritte \u00fcbertragen, sofern dies gesetzlich vorgeschrieben oder soweit Dritte diese Daten im Auftrag von Google verarbeiten. Google wird in keinem Fall Ihre IP-Adresse mit anderen Daten der Google in Verbindung bringen. Das Speichern von Cookies auf Ihrer Festplatte und die Anzeige von Web Beacons k\u00f6nnen Sie verhindern, indem Sie in Ihren Browser-Einstellungen &#8221;keine Cookies akzeptieren&#8221; w\u00e4hlen (Im MS Internet-Explorer unter &#8221;Extras &gt; Internetoptionen &gt; Datenschutz &gt; Einstellung&#8221;; im Firefox unter &#8221;Extras &gt; Einstellungen &gt; Datenschutz &gt; Cookies&#8221;); wir weisen Sie jedoch darauf hin, dass Sie in diesem Fall gegebenenfalls nicht s\u00e4mtliche Funktionen dieser Website voll umf\u00e4nglich nutzen k\u00f6nnen. Durch die Nutzung dieser Website erkl\u00e4ren Sie sich mit der Bearbeitung der \u00fcber Sie erhobenen Daten durch Google in der zuvor beschriebenen Art und Weise und zu dem zuvor benannten Zweck einverstanden.<br>Impressum vom <a href=\"https:\/\/www.impressum-generator.de\">Impressum Generator<\/a> der <a href=\"https:\/\/www.kanzlei-hasselbach.de\/standorte\/bonn\/\">Kanzlei Hasselbach, Bonn<\/a><\/p>\n\n\n\n<h1 style=\"font-size:30px\">Website Terms and Conditions of Use<\/h1>\n\n\n\n<h2>1. Terms<\/h2>\n\n\n\n<p>By accessing this Website, accessible from chronoloom.com, you are agreeing to be bound by these Website Terms and Conditions of Use and agree that you are responsible for the agreement with any applicable local laws. If you disagree with any of these terms, you are prohibited from accessing this site. The materials contained in this Website are protected by copyright and trade mark law.<\/p>\n\n\n\n<h2>2. Use License<\/h2>\n\n\n\n<p>Permission is granted to temporarily download one copy of the materials on chronoloom&#8217;s Website for personal, non-commercial transitory viewing only. This is the grant of a license, not a transfer of title, and under this license you may not:<\/p>\n\n\n\n<ul><li>modify or copy the materials;<\/li><li>use the materials for any commercial purpose or for any public display;<\/li><li>attempt to reverse engineer any software contained on chronoloom&#8217;s Website;<\/li><li>remove any copyright or other proprietary notations from the materials; or<\/li><li>transferring the materials to another person or &#8220;mirror&#8221; the materials on any other server.<\/li><\/ul>\n\n\n\n<p>This will let chronoloom to terminate upon violations of any of these restrictions. Upon termination, your viewing right will also be terminated and you should destroy any downloaded materials in your possession whether it is printed or electronic format. These Terms of Service has been created with the help of the <a href=\"https:\/\/www.termsofservicegenerator.net\">Terms Of Service Generator<\/a> and the <a href=\"https:\/\/www.generateprivacypolicy.com\">Privacy Policy Generator<\/a>.<\/p>\n\n\n\n<h2>3. Disclaimer<\/h2>\n\n\n\n<p>All the materials on chronoloom\u2019s Website are provided &#8220;as is&#8221;. chronoloom makes no warranties, may it be expressed or implied, therefore negates all other warranties. Furthermore, chronoloom does not make any representations concerning the accuracy or reliability of the use of the materials on its Website or otherwise relating to such materials or any sites linked to this Website.<\/p>\n\n\n\n<h2>4. Limitations<\/h2>\n\n\n\n<p>chronoloom or its suppliers will not be hold accountable for any damages that will arise with the use or inability to use the materials on chronoloom\u2019s Website, even if chronoloom or an authorize representative of this Website has been notified, orally or written, of the possibility of such damage. Some jurisdiction does not allow limitations on implied warranties or limitations of liability for incidental damages, these limitations may not apply to you.<\/p>\n\n\n\n<h2>5. Revisions and Errata<\/h2>\n\n\n\n<p>The materials appearing on chronoloom\u2019s Website may include technical, typographical, or photographic errors. chronoloom will not promise that any of the materials in this Website are accurate, complete, or current. chronoloom may change the materials contained on its Website at any time without notice. chronoloom does not make any commitment to update the materials.<\/p>\n\n\n\n<h2>6. Links<\/h2>\n\n\n\n<p>chronoloom has not reviewed all of the sites linked to its Website and is not responsible for the contents of any such linked site. The presence of any link does not imply endorsement by chronoloom of the site. The use of any linked website is at the user\u2019s own risk.<\/p>\n\n\n\n<h2>7. Site Terms of Use Modifications<\/h2>\n\n\n\n<p>chronoloom may revise these Terms of Use for its Website at any time without prior notice. By using this Website, you are agreeing to be bound by the current version of these Terms and Conditions of Use.<\/p>\n\n\n\n<h2>8. Your Privacy<\/h2>\n\n\n\n<p>Please read our Privacy Policy.<\/p>\n\n\n\n<h2>9. Governing Law<\/h2>\n\n\n\n<p>Any claim related to chronoloom&#8217;s Website shall be governed by the laws of de without regards to its conflict of law provisions.<\/p>\n","protected":false},"excerpt":{"rendered":"<p>Impressum\/Anbieterkennzeichnung (please scroll down for English version) Impressum Angaben gem\u00e4\u00df \u00a7 5 TMG Dr. Lucas Wetzelc\/o Max Planck Institut f\u00fcr Physik komplexer SystemeN\u00f6thnitzer Str. 3801187 DresdenGermany Vertreten durch:Lucas Wetzel Kontakt:Telefon: +49 (0)351 8711212Fax: +49 (0)351 8711999E-Mail: lwetzel[at]pks.mpg.de Verantwortlich f\u00fcr den Inhalt nach \u00a7 55 Abs. 2 RStV: Dr. Lucas Wetzelc\/o Max Planck Institut f\u00fcr Physik [&hellip;]<\/p>\n","protected":false},"author":1,"featured_media":0,"parent":0,"menu_order":0,"comment_status":"closed","ping_status":"closed","template":"","meta":[],"_links":{"self":[{"href":"https:\/\/chronoloom.com\/index.php?rest_route=\/wp\/v2\/pages\/152"}],"collection":[{"href":"https:\/\/chronoloom.com\/index.php?rest_route=\/wp\/v2\/pages"}],"about":[{"href":"https:\/\/chronoloom.com\/index.php?rest_route=\/wp\/v2\/types\/page"}],"author":[{"embeddable":true,"href":"https:\/\/chronoloom.com\/index.php?rest_route=\/wp\/v2\/users\/1"}],"replies":[{"embeddable":true,"href":"https:\/\/chronoloom.com\/index.php?rest_route=%2Fwp%2Fv2%2Fcomments&post=152"}],"version-history":[{"count":12,"href":"https:\/\/chronoloom.com\/index.php?rest_route=\/wp\/v2\/pages\/152\/revisions"}],"predecessor-version":[{"id":406,"href":"https:\/\/chronoloom.com\/index.php?rest_route=\/wp\/v2\/pages\/152\/revisions\/406"}],"wp:attachment":[{"href":"https:\/\/chronoloom.com\/index.php?rest_route=%2Fwp%2Fv2%2Fmedia&parent=152"}],"curies":[{"name":"wp","href":"https:\/\/api.w.org\/{rel}","templated":true}]}}